{"id":137,"date":"2022-09-14T08:57:21","date_gmt":"2022-09-14T06:57:21","guid":{"rendered":"https:\/\/sabine-keuthen-fitness.de\/?page_id=137"},"modified":"2025-09-08T10:04:22","modified_gmt":"2025-09-08T08:04:22","slug":"kursplan","status":"publish","type":"page","link":"https:\/\/sabine-keuthen-fitness.de\/?page_id=137","title":{"rendered":"Kursplan"},"content":{"rendered":"\n<p><strong>Hier kannst Du dir einen \u00dcberblick \u00fcber die w\u00f6chentlichen Kurse verschaffen.<\/strong><\/p>\n\n\n\n<p><strong>Um Anmeldung bei Kursteilnahme wird gebeten. (\u00dcber WhatsApp oder telefonisch.)<\/strong><\/p>\n\n\n\n<p><strong>Probetraining kostenlos!<\/strong><\/p>\n\n\n\n<p><strong>Zusatzkurse findest Du bei aktuellen Infos!<\/strong><\/p>\n\n\n\n<figure class=\"wp-block-gallery has-nested-images columns-default is-cropped wp-block-gallery-1 is-layout-flex wp-block-gallery-is-layout-flex\">\n<figure class=\"wp-block-image size-large\"><img loading=\"lazy\" decoding=\"async\" width=\"709\" height=\"1024\" data-id=\"457\" src=\"https:\/\/sabine-keuthen-fitness.de\/wp-content\/uploads\/2025\/09\/Kursplan-ab-September-2025-709x1024.jpg\" alt=\"\" class=\"wp-image-457\" srcset=\"https:\/\/sabine-keuthen-fitness.de\/wp-content\/uploads\/2025\/09\/Kursplan-ab-September-2025-709x1024.jpg 709w, https:\/\/sabine-keuthen-fitness.de\/wp-content\/uploads\/2025\/09\/Kursplan-ab-September-2025-208x300.jpg 208w, https:\/\/sabine-keuthen-fitness.de\/wp-content\/uploads\/2025\/09\/Kursplan-ab-September-2025.jpg 720w\" sizes=\"auto, (max-width: 709px) 100vw, 709px\" \/><\/figure>\n<\/figure>\n","protected":false},"excerpt":{"rendered":"<p>Hier kannst Du dir einen \u00dcberblick \u00fcber die w\u00f6chentlichen Kurse verschaffen. Um Anmeldung bei Kursteilnahme wird gebeten. (\u00dcber WhatsApp oder telefonisch.) Probetraining kostenlos! Zusatzkurse findest Du bei aktuellen Infos!<\/p>\n","protected":false},"author":1,"featured_media":0,"parent":0,"menu_order":0,"comment_status":"closed","ping_status":"closed","template":"","meta":{"footnotes":""},"class_list":["post-137","page","type-page","status-publish","hentry"],"_links":{"self":[{"href":"https:\/\/sabine-keuthen-fitness.de\/index.php?rest_route=\/wp\/v2\/pages\/137","targetHints":{"allow":["GET"]}}],"collection":[{"href":"https:\/\/sabine-keuthen-fitness.de\/index.php?rest_route=\/wp\/v2\/pages"}],"about":[{"href":"https:\/\/sabine-keuthen-fitness.de\/index.php?rest_route=\/wp\/v2\/types\/page"}],"author":[{"embeddable":true,"href":"https:\/\/sabine-keuthen-fitness.de\/index.php?rest_route=\/wp\/v2\/users\/1"}],"replies":[{"embeddable":true,"href":"https:\/\/sabine-keuthen-fitness.de\/index.php?rest_route=%2Fwp%2Fv2%2Fcomments&post=137"}],"version-history":[{"count":16,"href":"https:\/\/sabine-keuthen-fitness.de\/index.php?rest_route=\/wp\/v2\/pages\/137\/revisions"}],"predecessor-version":[{"id":458,"href":"https:\/\/sabine-keuthen-fitness.de\/index.php?rest_route=\/wp\/v2\/pages\/137\/revisions\/458"}],"wp:attachment":[{"href":"https:\/\/sabine-keuthen-fitness.de\/index.php?rest_route=%2Fwp%2Fv2%2Fmedia&parent=137"}],"curies":[{"name":"wp","href":"https:\/\/api.w.org\/{rel}","templated":true}]}}