{"id":38,"date":"2022-03-07T14:16:45","date_gmt":"2022-03-07T12:16:45","guid":{"rendered":"https:\/\/sabine-keuthen-fitness.de\/?page_id=38"},"modified":"2025-05-15T10:48:36","modified_gmt":"2025-05-15T08:48:36","slug":"about","status":"publish","type":"page","link":"https:\/\/sabine-keuthen-fitness.de\/?page_id=38","title":{"rendered":"\u00dcber mich"},"content":{"rendered":"\n<div class=\"wp-block-columns is-layout-flex wp-container-core-columns-is-layout-9d6595d7 wp-block-columns-is-layout-flex\">\n<div class=\"wp-block-column is-layout-flow wp-block-column-is-layout-flow\" style=\"flex-basis:100%\">\n<div class=\"wp-block-media-text alignwide is-stacked-on-mobile\"><figure class=\"wp-block-media-text__media\"><img loading=\"lazy\" decoding=\"async\" width=\"768\" height=\"1024\" src=\"http:\/\/sabine-keuthen-fitness.de\/wp-content\/uploads\/2022\/03\/IMG_2828-768x1024.jpeg\" alt=\"\" class=\"wp-image-15 size-full\" srcset=\"https:\/\/sabine-keuthen-fitness.de\/wp-content\/uploads\/2022\/03\/IMG_2828-768x1024.jpeg 768w, https:\/\/sabine-keuthen-fitness.de\/wp-content\/uploads\/2022\/03\/IMG_2828-225x300.jpeg 225w, https:\/\/sabine-keuthen-fitness.de\/wp-content\/uploads\/2022\/03\/IMG_2828-1152x1536.jpeg 1152w, https:\/\/sabine-keuthen-fitness.de\/wp-content\/uploads\/2022\/03\/IMG_2828-1536x2048.jpeg 1536w, https:\/\/sabine-keuthen-fitness.de\/wp-content\/uploads\/2022\/03\/IMG_2828-scaled.jpeg 1920w\" sizes=\"auto, (max-width: 768px) 100vw, 768px\" \/><\/figure><div class=\"wp-block-media-text__content\">\n<p class=\"has-brown-color has-text-color has-regular-font-size\" style=\"font-style:normal;font-weight:400\"><strong>\u00dcber mich:<\/strong><\/p>\n\n\n\n<p class=\"has-brown-color has-text-color has-regular-font-size\" style=\"font-style:normal;font-weight:400\">Ich hei\u00dfe Sabine Keuthen und bin 1977 in Freising geboren. Nach zwei Schwangerschaften habe ich mein gr\u00f6\u00dftes Hobby zum Beruf gemacht.<\/p>\n\n\n\n<p class=\"has-brown-color has-text-color has-regular-font-size\" style=\"font-style:normal;font-weight:400\">2015 bin ich mit meiner Ausbildung zum Gesundheitstrainer neu durchgestartet. Seitdem habe ich mich in meinen weiteren Ausbildungen auf funktionelles Training konzentriert. <\/p>\n\n\n\n<p class=\"has-brown-color has-text-color has-regular-font-size\" style=\"font-style:normal;font-weight:400\">Mir macht es Spa\u00df f\u00fcr meine Kunden immer neue Herausforderungen zu finden, um sie an ihr Ziel zu bringen. Ganz egal  wie alt oder fit sie sind. Meine \u00e4ltesten Kund:innen sind \u00fcber 80. <\/p>\n\n\n\n<p class=\"has-brown-color has-text-color has-regular-font-size\" style=\"font-style:normal;font-weight:400\">Ich bin mit meinen Trainingsgruppen nicht nur indoor sondern gerne auch outdoor aktiv.<\/p>\n\n\n\n<p><\/p>\n<\/div><\/div>\n<\/div>\n<\/div>\n\n\n\n<div class=\"wp-block-group\"><div class=\"wp-block-group__inner-container is-layout-flow wp-block-group-is-layout-flow\">\n<div class=\"wp-block-cover alignright is-light\"><img loading=\"lazy\" decoding=\"async\" width=\"750\" height=\"1334\" class=\"wp-block-cover__image-background wp-image-16\" alt=\"\" src=\"http:\/\/sabine-keuthen-fitness.de\/wp-content\/uploads\/2022\/03\/IMG_0130-1.png\" style=\"object-position:42% 43%\" data-object-fit=\"cover\" data-object-position=\"42% 43%\" srcset=\"https:\/\/sabine-keuthen-fitness.de\/wp-content\/uploads\/2022\/03\/IMG_0130-1.png 750w, https:\/\/sabine-keuthen-fitness.de\/wp-content\/uploads\/2022\/03\/IMG_0130-1-169x300.png 169w, https:\/\/sabine-keuthen-fitness.de\/wp-content\/uploads\/2022\/03\/IMG_0130-1-576x1024.png 576w\" sizes=\"auto, (max-width: 750px) 100vw, 750px\" \/><span aria-hidden=\"true\" class=\"wp-block-cover__background has-background-dim\"><\/span><div class=\"wp-block-cover__inner-container is-layout-flow wp-block-cover-is-layout-flow\">\n<p><\/p>\n<\/div><\/div>\n<\/div><\/div>\n\n\n\n<p><strong><u>Ausbildungen:<\/u><\/strong><\/p>\n\n\n\n<ul class=\"wp-block-list\">\n<li>Gesundheitstrainer beim Gluckerkolleg<\/li>\n\n\n\n<li>FACT\u00ae Trainer<\/li>\n\n\n\n<li>Functional Trainer beim Gluckerkolleg<\/li>\n\n\n\n<li>Soccacise\u00ae Trainer bei IFAA<\/li>\n<\/ul>\n\n\n\n<p><\/p>\n\n\n\n<p class=\"has-black-color has-text-color\"><strong><u>Berufserfahrung:<\/u><\/strong><\/p>\n\n\n\n<ul class=\"wp-block-list\">\n<li>2015 &#8211; 2019 TC Kempen (BOP, R\u00fccken, Power Bauch, Blackroll active, Blackroll relax, FACT\u00ae Core, FACT\u00ae und HIIT)<\/li>\n\n\n\n<li>seit 2015 FACT\u00ae in Krefeld (FACTORY CREFELD), f\u00fcr die FACTORY CREFELD Eventtrainer im Robinson Club Jandia Playa (Fuerteventura)<\/li>\n\n\n\n<li>seit 2016 Seniorenresidenz Curanum, Wachtendonk (Seniorengymnastik)<\/li>\n\n\n\n<li>seit 2018 TSV Wachtendonk-Wankum 1910 e. V. (Frauenfitness)<\/li>\n<\/ul>\n\n\n\n<p class=\"has-black-color has-text-color\"><\/p>\n\n\n\n<p class=\"has-black-color has-text-color\"><strong>Eigene Wettkampferfahrungen:<\/strong><\/p>\n\n\n\n<p class=\"has-black-color has-text-color\">Ich selber bin schon bei<\/p>\n\n\n\n<p class=\"has-black-color has-text-color\">&#8211; Ninja Warrior Germany 2019 als Teilnehmer<\/p>\n\n\n\n<p class=\"has-black-color has-text-color\">&#8211; mehrfach bei HYROX (Women, Doubles, Pro, Relay) und auch schon bei der HYROX-WM in Oberhausen gestartet<\/p>\n\n\n\n<p class=\"has-black-color has-text-color\">&#8211; verschiedenen Crossfit-Events <\/p>\n\n\n\n<p class=\"has-black-color has-text-color\">(Fitness-Bundesliga, Belgian Throwdown, Master&amp;Teens &nbsp;Throwdown, Dutch Throwdown)<\/p>\n\n\n\n<p class=\"has-black-color has-text-color\">&#8211; mehrfach bei Mud Masters<\/p>\n\n\n\n<p class=\"has-black-color has-text-color\">&#8211; mehrfach bei Tough Mudder<\/p>\n\n\n\n<p class=\"has-black-color has-text-color\">&#8211; 2 x Ragnar Relay Wattenmeer von Hamburg nach St. Peter Oerding (Ultra Team)<\/p>\n\n\n\n<p class=\"has-black-color has-text-color\">&#8211; verschiedenen Stadtl\u00e4ufen<\/p>\n\n\n\n<p class=\"has-black-color has-text-color\">gestartet.<\/p>\n\n\n\n<p><\/p>\n","protected":false},"excerpt":{"rendered":"<p>\u00dcber mich: Ich hei\u00dfe Sabine Keuthen und bin 1977 in Freising geboren. Nach zwei Schwangerschaften habe ich mein gr\u00f6\u00dftes Hobby zum Beruf gemacht. 2015 bin ich mit meiner Ausbildung zum Gesundheitstrainer neu durchgestartet. Seitdem habe ich mich in meinen weiteren [&hellip;]<\/p>\n","protected":false},"author":1,"featured_media":0,"parent":0,"menu_order":1,"comment_status":"closed","ping_status":"closed","template":"","meta":{"footnotes":""},"class_list":["post-38","page","type-page","status-publish","hentry"],"_links":{"self":[{"href":"https:\/\/sabine-keuthen-fitness.de\/index.php?rest_route=\/wp\/v2\/pages\/38","targetHints":{"allow":["GET"]}}],"collection":[{"href":"https:\/\/sabine-keuthen-fitness.de\/index.php?rest_route=\/wp\/v2\/pages"}],"about":[{"href":"https:\/\/sabine-keuthen-fitness.de\/index.php?rest_route=\/wp\/v2\/types\/page"}],"author":[{"embeddable":true,"href":"https:\/\/sabine-keuthen-fitness.de\/index.php?rest_route=\/wp\/v2\/users\/1"}],"replies":[{"embeddable":true,"href":"https:\/\/sabine-keuthen-fitness.de\/index.php?rest_route=%2Fwp%2Fv2%2Fcomments&post=38"}],"version-history":[{"count":9,"href":"https:\/\/sabine-keuthen-fitness.de\/index.php?rest_route=\/wp\/v2\/pages\/38\/revisions"}],"predecessor-version":[{"id":433,"href":"https:\/\/sabine-keuthen-fitness.de\/index.php?rest_route=\/wp\/v2\/pages\/38\/revisions\/433"}],"wp:attachment":[{"href":"https:\/\/sabine-keuthen-fitness.de\/index.php?rest_route=%2Fwp%2Fv2%2Fmedia&parent=38"}],"curies":[{"name":"wp","href":"https:\/\/api.w.org\/{rel}","templated":true}]}}